{"id":832,"date":"2025-04-14T14:45:09","date_gmt":"2025-04-14T12:45:09","guid":{"rendered":"https:\/\/gourmetviet.fr\/?page_id=832"},"modified":"2025-04-16T16:19:54","modified_gmt":"2025-04-16T14:19:54","slug":"reservations","status":"publish","type":"page","link":"https:\/\/gourmetviet.fr\/index.php\/reservations\/","title":{"rendered":"R\u00e9servations"},"content":{"rendered":"\n<p>Pour une r\u00e9servation dans moins de 24h, merci de nous appeler au <a href=\"tel:0986478776\">09 86 47 87 76<\/a><\/p>\n\n\n\n\t<script type=\"text\/javascript\">\n        var ajaxurl = 'https:\/\/gourmetviet.fr\/wp-admin\/admin-ajax.php';\n    <\/script>\n\n    <style>#rtb-time_root .picker__list .picker__list-item.picker__list-item--disabled { display: none; }<\/style>\n    \n<div class=\"rtb-booking-form\">\n\t\n\t\n\t\n\t\n\t<form method=\"POST\" action=\"https:\/\/gourmetviet.fr\/index.php\/reservations\/\" class=\"rtb-booking-form-form\">\n\t\t<input type=\"hidden\" name=\"action\" value=\"booking_request\">\n\n\t\t\n\t\t\n\t\t\n\t\t\t\t<fieldset class=\"reservation\">\n\n\t\t\t\t\t\t<legend >\n\t\t\t\tR\u00e9server une table\t\t\t<\/legend>\n\t\t\t\n\t\t\t\n\t<div class=\"rtb-text date\">\n\t\t\t\t<label for=\"rtb-date\">\n\t\t\tDate\t\t<\/label>\n\t\t<input type=\"text\" name=\"rtb-date\" id=\"rtb-date\" value=\"\" required aria-required=\"true\">\n\t<\/div>\n\n\t\n\t<div class=\"rtb-text time\">\n\t\t\t\t<label for=\"rtb-time\">\n\t\t\tHeure\t\t<\/label>\n\t\t<input type=\"text\" name=\"rtb-time\" id=\"rtb-time\" value=\"\" required aria-required=\"true\">\n\t<\/div>\n\n\t\n\t<div class=\"rtb-select party\">\n\t\t\t\t<label for=\"rtb-party\">\n\t\t\tPersonne(s)\t\t<\/label>\n\t\t<select name=\"rtb-party\" id=\"rtb-party\" required aria-required=\"true\"  data-selected=\"\">\n\t\t\t\t\t\t\t\t\t<option value=\"2\" >2<\/option>\n\t\t\t\t\t\t<option value=\"3\" >3<\/option>\n\t\t\t\t\t\t<option value=\"4\" >4<\/option>\n\t\t\t\t\t\t<option value=\"5\" >5<\/option>\n\t\t\t\t\t\t<option value=\"6\" >6<\/option>\n\t\t\t\t\t\t<option value=\"7\" >7<\/option>\n\t\t\t\t\t\t<option value=\"8\" >8<\/option>\n\t\t\t\t\t<\/select>\n\t<\/div>\n\n\t\t\t<\/fieldset>\n\t\t\t\t<fieldset class=\"rtb-contact\">\n\n\t\t\t\t\t\t<legend >\n\t\t\t\tCoordonn\u00e9es\t\t\t<\/legend>\n\t\t\t\n\t\t\t\n\t<div class=\"rtb-text name\">\n\t\t\t\t<label for=\"rtb-name\">\n\t\t\tNom\t\t<\/label>\n\t\t<input type=\"text\" name=\"rtb-name\" id=\"rtb-name\" value=\"\" required aria-required=\"true\">\n\t<\/div>\n\n\t\n\t<div class=\"rtb-text email\">\n\t\t\t\t<label for=\"rtb-email\">\n\t\t\tE-mail\t\t<\/label>\n\t\t<input type=\"email\" name=\"rtb-email\" id=\"rtb-email\" value=\"\" required aria-required=\"true\">\n\t<\/div>\n\n\t\n\t<div class=\"rtb-text phone\">\n\t\t\t\t<label for=\"rtb-phone\">\n\t\t\tT\u00e9l\u00e9phone\t\t<\/label>\n\t\t<input type=\"tel\" name=\"rtb-phone\" id=\"rtb-phone\" value=\"\">\n\t<\/div>\n\n\t\n\t<div class=\"add-message\">\n\t\t<a href=\"#\">\n\t\t\tAjouter un message\t\t<\/a>\n\t<\/div>\n\n\t\n\t<div class=\"rtb-textarea message\">\n\t\t\t\t<label for=\"rtb-message\">\n\t\t\tMessage\t\t<\/label>\n\t\t<textarea name=\"rtb-message\" id=\"rtb-message\"><\/textarea>\n\t<\/div>\n\n\t\t\t<\/fieldset>\n\t\t\n\t\t\n\t\t<fieldset class=\"rtb-form-footer\">\n\t\t\t<div id='rtb_recaptcha'><\/div>\n\t\t\t\n\t\t\t<div class=\"rtb-form-submit\"><button type=\"submit\">Demande de r\u00e9servation<\/button><\/div>\t\t<\/fieldset>\n\n\n\t<\/form>\n\n\t\n\t\n\t<\/div>\n\n\t","protected":false},"excerpt":{"rendered":"<p>Pour une r\u00e9servation dans moins de 24h, merci de nous appeler au 09 86 47 87 76<\/p>\n","protected":false},"author":1,"featured_media":0,"parent":0,"menu_order":0,"comment_status":"closed","ping_status":"closed","template":"","meta":{"_themeisle_gutenberg_block_has_review":false,"footnotes":""},"class_list":["post-832","page","type-page","status-publish","hentry"],"yoast_head":"<!-- This site is optimized with the Yoast SEO plugin v26.5 - https:\/\/yoast.com\/wordpress\/plugins\/seo\/ -->\n<title>R\u00e9servations - Gourmet Viet<\/title>\n<meta name=\"description\" content=\"R\u00e9server votre table dans notre restaurant Gourmet Viet. Le Vietnam \u00e0 quelques clics de vous !\" \/>\n<meta name=\"robots\" content=\"index, follow, max-snippet:-1, max-image-preview:large, max-video-preview:-1\" \/>\n<link rel=\"canonical\" href=\"https:\/\/gourmetviet.fr\/index.php\/reservations\/\" \/>\n<meta property=\"og:locale\" content=\"fr_FR\" \/>\n<meta property=\"og:type\" content=\"article\" \/>\n<meta property=\"og:title\" content=\"R\u00e9servations - Gourmet Viet\" \/>\n<meta property=\"og:description\" content=\"R\u00e9server votre table dans notre restaurant Gourmet Viet. Le Vietnam \u00e0 quelques clics de vous !\" \/>\n<meta property=\"og:url\" content=\"https:\/\/gourmetviet.fr\/index.php\/reservations\/\" \/>\n<meta property=\"og:site_name\" content=\"Gourmet Viet\" \/>\n<meta property=\"article:modified_time\" content=\"2025-04-16T14:19:54+00:00\" \/>\n<meta property=\"og:image\" content=\"https:\/\/gourmetviet.fr\/wp-content\/uploads\/2025\/01\/reverse_logo.png\" \/>\n\t<meta property=\"og:image:width\" content=\"1080\" \/>\n\t<meta property=\"og:image:height\" content=\"1080\" \/>\n\t<meta property=\"og:image:type\" content=\"image\/png\" \/>\n<meta name=\"twitter:card\" content=\"summary_large_image\" \/>\n<meta name=\"twitter:label1\" content=\"Dur\u00e9e de lecture estim\u00e9e\" \/>\n\t<meta name=\"twitter:data1\" content=\"1 minute\" \/>\n<script type=\"application\/ld+json\" class=\"yoast-schema-graph\">{\"@context\":\"https:\/\/schema.org\",\"@graph\":[{\"@type\":\"WebPage\",\"@id\":\"https:\/\/gourmetviet.fr\/index.php\/reservations\/\",\"url\":\"https:\/\/gourmetviet.fr\/index.php\/reservations\/\",\"name\":\"R\u00e9servations - Gourmet Viet\",\"isPartOf\":{\"@id\":\"https:\/\/gourmetviet.fr\/#website\"},\"datePublished\":\"2025-04-14T12:45:09+00:00\",\"dateModified\":\"2025-04-16T14:19:54+00:00\",\"description\":\"R\u00e9server votre table dans notre restaurant Gourmet Viet. Le Vietnam \u00e0 quelques clics de vous !\",\"breadcrumb\":{\"@id\":\"https:\/\/gourmetviet.fr\/index.php\/reservations\/#breadcrumb\"},\"inLanguage\":\"fr-FR\",\"potentialAction\":[{\"@type\":\"ReadAction\",\"target\":[\"https:\/\/gourmetviet.fr\/index.php\/reservations\/\"]}]},{\"@type\":\"BreadcrumbList\",\"@id\":\"https:\/\/gourmetviet.fr\/index.php\/reservations\/#breadcrumb\",\"itemListElement\":[{\"@type\":\"ListItem\",\"position\":1,\"name\":\"Accueil\",\"item\":\"https:\/\/gourmetviet.fr\/\"},{\"@type\":\"ListItem\",\"position\":2,\"name\":\"R\u00e9servations\"}]},{\"@type\":\"WebSite\",\"@id\":\"https:\/\/gourmetviet.fr\/#website\",\"url\":\"https:\/\/gourmetviet.fr\/\",\"name\":\"Gourmet Viet\",\"description\":\"Votre escale vietnamienne \u00e0 Grenoble.\",\"publisher\":{\"@id\":\"https:\/\/gourmetviet.fr\/#organization\"},\"potentialAction\":[{\"@type\":\"SearchAction\",\"target\":{\"@type\":\"EntryPoint\",\"urlTemplate\":\"https:\/\/gourmetviet.fr\/?s={search_term_string}\"},\"query-input\":{\"@type\":\"PropertyValueSpecification\",\"valueRequired\":true,\"valueName\":\"search_term_string\"}}],\"inLanguage\":\"fr-FR\"},{\"@type\":\"Organization\",\"@id\":\"https:\/\/gourmetviet.fr\/#organization\",\"name\":\"Gourmet Viet\",\"url\":\"https:\/\/gourmetviet.fr\/\",\"logo\":{\"@type\":\"ImageObject\",\"inLanguage\":\"fr-FR\",\"@id\":\"https:\/\/gourmetviet.fr\/#\/schema\/logo\/image\/\",\"url\":\"https:\/\/gourmetviet.fr\/wp-content\/uploads\/2025\/01\/reverse_logo.png\",\"contentUrl\":\"https:\/\/gourmetviet.fr\/wp-content\/uploads\/2025\/01\/reverse_logo.png\",\"width\":1080,\"height\":1080,\"caption\":\"Gourmet Viet\"},\"image\":{\"@id\":\"https:\/\/gourmetviet.fr\/#\/schema\/logo\/image\/\"},\"sameAs\":[\"https:\/\/www.instagram.com\/gourmet_viet\"]}]}<\/script>\n<!-- \/ Yoast SEO plugin. -->","yoast_head_json":{"title":"R\u00e9servations - Gourmet Viet","description":"R\u00e9server votre table dans notre restaurant Gourmet Viet. Le Vietnam \u00e0 quelques clics de vous !","robots":{"index":"index","follow":"follow","max-snippet":"max-snippet:-1","max-image-preview":"max-image-preview:large","max-video-preview":"max-video-preview:-1"},"canonical":"https:\/\/gourmetviet.fr\/index.php\/reservations\/","og_locale":"fr_FR","og_type":"article","og_title":"R\u00e9servations - Gourmet Viet","og_description":"R\u00e9server votre table dans notre restaurant Gourmet Viet. Le Vietnam \u00e0 quelques clics de vous !","og_url":"https:\/\/gourmetviet.fr\/index.php\/reservations\/","og_site_name":"Gourmet Viet","article_modified_time":"2025-04-16T14:19:54+00:00","og_image":[{"width":1080,"height":1080,"url":"https:\/\/gourmetviet.fr\/wp-content\/uploads\/2025\/01\/reverse_logo.png","type":"image\/png"}],"twitter_card":"summary_large_image","twitter_misc":{"Dur\u00e9e de lecture estim\u00e9e":"1 minute"},"schema":{"@context":"https:\/\/schema.org","@graph":[{"@type":"WebPage","@id":"https:\/\/gourmetviet.fr\/index.php\/reservations\/","url":"https:\/\/gourmetviet.fr\/index.php\/reservations\/","name":"R\u00e9servations - Gourmet Viet","isPartOf":{"@id":"https:\/\/gourmetviet.fr\/#website"},"datePublished":"2025-04-14T12:45:09+00:00","dateModified":"2025-04-16T14:19:54+00:00","description":"R\u00e9server votre table dans notre restaurant Gourmet Viet. Le Vietnam \u00e0 quelques clics de vous !","breadcrumb":{"@id":"https:\/\/gourmetviet.fr\/index.php\/reservations\/#breadcrumb"},"inLanguage":"fr-FR","potentialAction":[{"@type":"ReadAction","target":["https:\/\/gourmetviet.fr\/index.php\/reservations\/"]}]},{"@type":"BreadcrumbList","@id":"https:\/\/gourmetviet.fr\/index.php\/reservations\/#breadcrumb","itemListElement":[{"@type":"ListItem","position":1,"name":"Accueil","item":"https:\/\/gourmetviet.fr\/"},{"@type":"ListItem","position":2,"name":"R\u00e9servations"}]},{"@type":"WebSite","@id":"https:\/\/gourmetviet.fr\/#website","url":"https:\/\/gourmetviet.fr\/","name":"Gourmet Viet","description":"Votre escale vietnamienne \u00e0 Grenoble.","publisher":{"@id":"https:\/\/gourmetviet.fr\/#organization"},"potentialAction":[{"@type":"SearchAction","target":{"@type":"EntryPoint","urlTemplate":"https:\/\/gourmetviet.fr\/?s={search_term_string}"},"query-input":{"@type":"PropertyValueSpecification","valueRequired":true,"valueName":"search_term_string"}}],"inLanguage":"fr-FR"},{"@type":"Organization","@id":"https:\/\/gourmetviet.fr\/#organization","name":"Gourmet Viet","url":"https:\/\/gourmetviet.fr\/","logo":{"@type":"ImageObject","inLanguage":"fr-FR","@id":"https:\/\/gourmetviet.fr\/#\/schema\/logo\/image\/","url":"https:\/\/gourmetviet.fr\/wp-content\/uploads\/2025\/01\/reverse_logo.png","contentUrl":"https:\/\/gourmetviet.fr\/wp-content\/uploads\/2025\/01\/reverse_logo.png","width":1080,"height":1080,"caption":"Gourmet Viet"},"image":{"@id":"https:\/\/gourmetviet.fr\/#\/schema\/logo\/image\/"},"sameAs":["https:\/\/www.instagram.com\/gourmet_viet"]}]}},"jetpack_sharing_enabled":true,"_links":{"self":[{"href":"https:\/\/gourmetviet.fr\/index.php\/wp-json\/wp\/v2\/pages\/832","targetHints":{"allow":["GET"]}}],"collection":[{"href":"https:\/\/gourmetviet.fr\/index.php\/wp-json\/wp\/v2\/pages"}],"about":[{"href":"https:\/\/gourmetviet.fr\/index.php\/wp-json\/wp\/v2\/types\/page"}],"author":[{"embeddable":true,"href":"https:\/\/gourmetviet.fr\/index.php\/wp-json\/wp\/v2\/users\/1"}],"replies":[{"embeddable":true,"href":"https:\/\/gourmetviet.fr\/index.php\/wp-json\/wp\/v2\/comments?post=832"}],"version-history":[{"count":4,"href":"https:\/\/gourmetviet.fr\/index.php\/wp-json\/wp\/v2\/pages\/832\/revisions"}],"predecessor-version":[{"id":857,"href":"https:\/\/gourmetviet.fr\/index.php\/wp-json\/wp\/v2\/pages\/832\/revisions\/857"}],"wp:attachment":[{"href":"https:\/\/gourmetviet.fr\/index.php\/wp-json\/wp\/v2\/media?parent=832"}],"curies":[{"name":"wp","href":"https:\/\/api.w.org\/{rel}","templated":true}]}}